{"id":2,"date":"2022-09-18T18:07:37","date_gmt":"2022-09-18T16:07:37","guid":{"rendered":"http:\/\/escrime-ssme.fr\/?page_id=2"},"modified":"2025-12-02T09:05:23","modified_gmt":"2025-12-02T08:05:23","slug":"page-d-exemple","status":"publish","type":"page","link":"https:\/\/escrime-ssme.fr\/index.php\/page-d-exemple\/","title":{"rendered":"Le Club"},"content":{"rendered":"\n<p>Le club d&rsquo;Essey Seichamps Saint Max f\u00eatera en 2026 ces 50 ans d&rsquo;existence !<\/p>\n\n\n\n<p>Un club historique avec un v\u00e9ritable esprit collectif et interg\u00e9n\u00e9rationnel : ce sont environ 80 licenci\u00e9s qui y \u00e9voluent d\u00e8s l&rsquo;\u00e2ge de 6 ans jusqu&rsquo;aux v\u00e9t\u00e9rans.<\/p>\n\n\n\n<p>Nos armes sont le SABRE pour les enfants \/ados et l&rsquo;EPEE pour les adultes. <\/p>\n\n\n\n<p>Nous avons la chance de b\u00e9n\u00e9ficier sur nos communes de deux salles o\u00f9 se tiennent les diff\u00e9rents cours : Espace Parapluie \u00e0 Seichamps et Espace Victor Hugo \u00e0 Saint Max. Notre maitre d&rsquo;armes est Simon Embarek.<\/p>\n\n\n\n<p>Nos tireuses et tireurs sont r\u00e9guli\u00e8rement engag\u00e9s en comp\u00e9tition si l&rsquo;envie est l\u00e0 : d\u00e9partemental, r\u00e9gional, national&#8230;et m\u00eame international c\u00f4t\u00e9 V\u00e9t\u00e9rans.<\/p>\n\n\n\n<p>Vous pouvez suivre toutes les infos \/ actus du club <\/p>\n\n\n\n<ul class=\"wp-block-list\">\n<li>sur Facebook : <a href=\"https:\/\/www.facebook.com\/people\/Escrime-Seichamps-Saint-Max-Essey\/100046578559612\/\">https:\/\/www.facebook.com\/people\/Escrime-Seichamps-Saint-Max-Essey\/100046578559612\/<\/a><\/li>\n\n\n\n<li>sur Instagram : <a href=\"https:\/\/www.instagram.com\/escrime_seichamps_st_max_essey?igsh=ZXAzbW9paWtydGEy&amp;utm_source=qr\" target=\"_blank\" rel=\"noreferrer noopener\">https:\/\/www.instagram.com\/escrime_seichamps_st_max_essey?igsh=ZXAzbW9paWtydGEy&amp;utm_source=qr<\/a><\/li>\n<\/ul>\n\n\n\n<p><\/p>\n","protected":false},"excerpt":{"rendered":"<p>Le club d&rsquo;Essey Seichamps Saint Max f\u00eatera en 2026 ces 50 ans d&rsquo;existence ! Un club historique avec un v\u00e9ritable esprit collectif et interg\u00e9n\u00e9rationnel : ce sont environ 80 licenci\u00e9s qui y \u00e9voluent d\u00e8s l&rsquo;\u00e2ge de 6 ans jusqu&rsquo;aux v\u00e9t\u00e9rans. Nos armes sont le SABRE pour les enfants \/ados et l&rsquo;EPEE pour les adultes. Nous[&#8230;]<\/p>\n","protected":false},"author":1,"featured_media":0,"parent":0,"menu_order":0,"comment_status":"closed","ping_status":"open","template":"","meta":{"footnotes":""},"class_list":["post-2","page","type-page","status-publish","hentry","et-post-article","et-default-post-layout"],"yoast_head":"<!-- This site is optimized with the Yoast SEO plugin v20.8 - https:\/\/yoast.com\/wordpress\/plugins\/seo\/ -->\n<title>Le Club - Escrime Seichamps Saint-Max Essey<\/title>\n<meta name=\"robots\" content=\"index, follow, max-snippet:-1, max-image-preview:large, max-video-preview:-1\" \/>\n<link rel=\"canonical\" href=\"https:\/\/escrime-ssme.fr\/index.php\/page-d-exemple\/\" \/>\n<meta property=\"og:locale\" content=\"fr_FR\" \/>\n<meta property=\"og:type\" content=\"article\" \/>\n<meta property=\"og:title\" content=\"Le Club - Escrime Seichamps Saint-Max Essey\" \/>\n<meta property=\"og:description\" content=\"Le club d&rsquo;Essey Seichamps Saint Max f\u00eatera en 2026 ces 50 ans d&rsquo;existence ! Un club historique avec un v\u00e9ritable esprit collectif et interg\u00e9n\u00e9rationnel : ce sont environ 80 licenci\u00e9s qui y \u00e9voluent d\u00e8s l&rsquo;\u00e2ge de 6 ans jusqu&rsquo;aux v\u00e9t\u00e9rans. Nos armes sont le SABRE pour les enfants \/ados et l&rsquo;EPEE pour les adultes. Nous[...]\" \/>\n<meta property=\"og:url\" content=\"https:\/\/escrime-ssme.fr\/index.php\/page-d-exemple\/\" \/>\n<meta property=\"og:site_name\" content=\"Escrime Seichamps Saint-Max Essey\" \/>\n<meta property=\"article:publisher\" content=\"https:\/\/www.facebook.com\/people\/Escrime-Seichamps-Saint-Max-Essey\/100046578559612\/?locale=fr_FR\" \/>\n<meta property=\"article:modified_time\" content=\"2025-12-02T08:05:23+00:00\" \/>\n<meta name=\"twitter:card\" content=\"summary_large_image\" \/>\n<script type=\"application\/ld+json\" class=\"yoast-schema-graph\">{\"@context\":\"https:\/\/schema.org\",\"@graph\":[{\"@type\":\"WebPage\",\"@id\":\"https:\/\/escrime-ssme.fr\/index.php\/page-d-exemple\/\",\"url\":\"https:\/\/escrime-ssme.fr\/index.php\/page-d-exemple\/\",\"name\":\"Le Club - Escrime Seichamps Saint-Max Essey\",\"isPartOf\":{\"@id\":\"https:\/\/escrime-ssme.fr\/#website\"},\"datePublished\":\"2022-09-18T16:07:37+00:00\",\"dateModified\":\"2025-12-02T08:05:23+00:00\",\"breadcrumb\":{\"@id\":\"https:\/\/escrime-ssme.fr\/index.php\/page-d-exemple\/#breadcrumb\"},\"inLanguage\":\"fr-FR\",\"potentialAction\":[{\"@type\":\"ReadAction\",\"target\":[\"https:\/\/escrime-ssme.fr\/index.php\/page-d-exemple\/\"]}]},{\"@type\":\"BreadcrumbList\",\"@id\":\"https:\/\/escrime-ssme.fr\/index.php\/page-d-exemple\/#breadcrumb\",\"itemListElement\":[{\"@type\":\"ListItem\",\"position\":1,\"name\":\"Accueil\",\"item\":\"https:\/\/escrime-ssme.fr\/\"},{\"@type\":\"ListItem\",\"position\":2,\"name\":\"Le Club\"}]},{\"@type\":\"WebSite\",\"@id\":\"https:\/\/escrime-ssme.fr\/#website\",\"url\":\"https:\/\/escrime-ssme.fr\/\",\"name\":\"Escrime Seichamps Saint-Max Essey\",\"description\":\"In Fencing We Trust\",\"publisher\":{\"@id\":\"https:\/\/escrime-ssme.fr\/#organization\"},\"potentialAction\":[{\"@type\":\"SearchAction\",\"target\":{\"@type\":\"EntryPoint\",\"urlTemplate\":\"https:\/\/escrime-ssme.fr\/?s={search_term_string}\"},\"query-input\":\"required name=search_term_string\"}],\"inLanguage\":\"fr-FR\"},{\"@type\":\"Organization\",\"@id\":\"https:\/\/escrime-ssme.fr\/#organization\",\"name\":\"Escrime Seichamps Saint-Max Essey\",\"url\":\"https:\/\/escrime-ssme.fr\/\",\"logo\":{\"@type\":\"ImageObject\",\"inLanguage\":\"fr-FR\",\"@id\":\"https:\/\/escrime-ssme.fr\/#\/schema\/logo\/image\/\",\"url\":\"https:\/\/escrime-ssme.fr\/wp-content\/uploads\/2022\/09\/cropped-cropped-260975197_402312261331389_8389619318110450835_n.jpg\",\"contentUrl\":\"https:\/\/escrime-ssme.fr\/wp-content\/uploads\/2022\/09\/cropped-cropped-260975197_402312261331389_8389619318110450835_n.jpg\",\"width\":512,\"height\":512,\"caption\":\"Escrime Seichamps Saint-Max Essey\"},\"image\":{\"@id\":\"https:\/\/escrime-ssme.fr\/#\/schema\/logo\/image\/\"},\"sameAs\":[\"https:\/\/www.facebook.com\/people\/Escrime-Seichamps-Saint-Max-Essey\/100046578559612\/?locale=fr_FR\"]}]}<\/script>\n<!-- \/ Yoast SEO plugin. -->","yoast_head_json":{"title":"Le Club - Escrime Seichamps Saint-Max Essey","robots":{"index":"index","follow":"follow","max-snippet":"max-snippet:-1","max-image-preview":"max-image-preview:large","max-video-preview":"max-video-preview:-1"},"canonical":"https:\/\/escrime-ssme.fr\/index.php\/page-d-exemple\/","og_locale":"fr_FR","og_type":"article","og_title":"Le Club - Escrime Seichamps Saint-Max Essey","og_description":"Le club d&rsquo;Essey Seichamps Saint Max f\u00eatera en 2026 ces 50 ans d&rsquo;existence ! Un club historique avec un v\u00e9ritable esprit collectif et interg\u00e9n\u00e9rationnel : ce sont environ 80 licenci\u00e9s qui y \u00e9voluent d\u00e8s l&rsquo;\u00e2ge de 6 ans jusqu&rsquo;aux v\u00e9t\u00e9rans. Nos armes sont le SABRE pour les enfants \/ados et l&rsquo;EPEE pour les adultes. Nous[...]","og_url":"https:\/\/escrime-ssme.fr\/index.php\/page-d-exemple\/","og_site_name":"Escrime Seichamps Saint-Max Essey","article_publisher":"https:\/\/www.facebook.com\/people\/Escrime-Seichamps-Saint-Max-Essey\/100046578559612\/?locale=fr_FR","article_modified_time":"2025-12-02T08:05:23+00:00","twitter_card":"summary_large_image","schema":{"@context":"https:\/\/schema.org","@graph":[{"@type":"WebPage","@id":"https:\/\/escrime-ssme.fr\/index.php\/page-d-exemple\/","url":"https:\/\/escrime-ssme.fr\/index.php\/page-d-exemple\/","name":"Le Club - Escrime Seichamps Saint-Max Essey","isPartOf":{"@id":"https:\/\/escrime-ssme.fr\/#website"},"datePublished":"2022-09-18T16:07:37+00:00","dateModified":"2025-12-02T08:05:23+00:00","breadcrumb":{"@id":"https:\/\/escrime-ssme.fr\/index.php\/page-d-exemple\/#breadcrumb"},"inLanguage":"fr-FR","potentialAction":[{"@type":"ReadAction","target":["https:\/\/escrime-ssme.fr\/index.php\/page-d-exemple\/"]}]},{"@type":"BreadcrumbList","@id":"https:\/\/escrime-ssme.fr\/index.php\/page-d-exemple\/#breadcrumb","itemListElement":[{"@type":"ListItem","position":1,"name":"Accueil","item":"https:\/\/escrime-ssme.fr\/"},{"@type":"ListItem","position":2,"name":"Le Club"}]},{"@type":"WebSite","@id":"https:\/\/escrime-ssme.fr\/#website","url":"https:\/\/escrime-ssme.fr\/","name":"Escrime Seichamps Saint-Max Essey","description":"In Fencing We Trust","publisher":{"@id":"https:\/\/escrime-ssme.fr\/#organization"},"potentialAction":[{"@type":"SearchAction","target":{"@type":"EntryPoint","urlTemplate":"https:\/\/escrime-ssme.fr\/?s={search_term_string}"},"query-input":"required name=search_term_string"}],"inLanguage":"fr-FR"},{"@type":"Organization","@id":"https:\/\/escrime-ssme.fr\/#organization","name":"Escrime Seichamps Saint-Max Essey","url":"https:\/\/escrime-ssme.fr\/","logo":{"@type":"ImageObject","inLanguage":"fr-FR","@id":"https:\/\/escrime-ssme.fr\/#\/schema\/logo\/image\/","url":"https:\/\/escrime-ssme.fr\/wp-content\/uploads\/2022\/09\/cropped-cropped-260975197_402312261331389_8389619318110450835_n.jpg","contentUrl":"https:\/\/escrime-ssme.fr\/wp-content\/uploads\/2022\/09\/cropped-cropped-260975197_402312261331389_8389619318110450835_n.jpg","width":512,"height":512,"caption":"Escrime Seichamps Saint-Max Essey"},"image":{"@id":"https:\/\/escrime-ssme.fr\/#\/schema\/logo\/image\/"},"sameAs":["https:\/\/www.facebook.com\/people\/Escrime-Seichamps-Saint-Max-Essey\/100046578559612\/?locale=fr_FR"]}]}},"_links":{"self":[{"href":"https:\/\/escrime-ssme.fr\/index.php\/wp-json\/wp\/v2\/pages\/2","targetHints":{"allow":["GET"]}}],"collection":[{"href":"https:\/\/escrime-ssme.fr\/index.php\/wp-json\/wp\/v2\/pages"}],"about":[{"href":"https:\/\/escrime-ssme.fr\/index.php\/wp-json\/wp\/v2\/types\/page"}],"author":[{"embeddable":true,"href":"https:\/\/escrime-ssme.fr\/index.php\/wp-json\/wp\/v2\/users\/1"}],"replies":[{"embeddable":true,"href":"https:\/\/escrime-ssme.fr\/index.php\/wp-json\/wp\/v2\/comments?post=2"}],"version-history":[{"count":5,"href":"https:\/\/escrime-ssme.fr\/index.php\/wp-json\/wp\/v2\/pages\/2\/revisions"}],"predecessor-version":[{"id":304,"href":"https:\/\/escrime-ssme.fr\/index.php\/wp-json\/wp\/v2\/pages\/2\/revisions\/304"}],"wp:attachment":[{"href":"https:\/\/escrime-ssme.fr\/index.php\/wp-json\/wp\/v2\/media?parent=2"}],"curies":[{"name":"wp","href":"https:\/\/api.w.org\/{rel}","templated":true}]}}