{"id":226,"date":"2023-09-04T15:45:52","date_gmt":"2023-09-04T13:45:52","guid":{"rendered":"http:\/\/escrime-ssme.fr\/?page_id=226"},"modified":"2025-11-23T18:54:32","modified_gmt":"2025-11-23T17:54:32","slug":"fiche-dinscription","status":"publish","type":"page","link":"https:\/\/escrime-ssme.fr\/index.php\/fiche-dinscription\/","title":{"rendered":"Fiche d&rsquo;inscription"},"content":{"rendered":"\n<p><strong>Pour votre inscription, merci de nous fournir l&rsquo;int\u00e9gralit\u00e9 du dossier :<\/strong><\/p>\n\n\n\n<p><\/p>\n\n\n\n<p><strong>-la fiche d&rsquo;inscription<\/strong> d\u00fbment compl\u00e9t\u00e9e<\/p>\n\n\n\n<div class=\"wp-block-file\"><a id=\"wp-block-file--media-aec9c54d-a54b-4a74-8a04-2d1d1e70d529\" href=\"https:\/\/escrime-ssme.fr\/wp-content\/uploads\/2025\/11\/Fiche-dinscription-escrime-2025-2026.docx\">Fiche d&rsquo;inscription escrime 2025-2026<\/a><a href=\"https:\/\/escrime-ssme.fr\/wp-content\/uploads\/2025\/11\/Fiche-dinscription-escrime-2025-2026.docx\" class=\"wp-block-file__button wp-element-button\" download aria-describedby=\"wp-block-file--media-aec9c54d-a54b-4a74-8a04-2d1d1e70d529\">T\u00e9l\u00e9charger<\/a><\/div>\n\n\n\n<p><strong>&#8211; le r\u00e8glement de l&rsquo;inscription<\/strong> : 210\u20ac pour les d\u00e9butants (- de 2 ans de pratique) ou 290\u20ac pour les confirm\u00e9s (plus de 2 ans de pratique) et comp\u00e9titeurs<\/p>\n\n\n\n<p><strong>&#8211; le questionnaire et\/ou certificat m\u00e9dical correspondant \u00e0 votre cat\u00e9gorie.<\/strong><\/p>\n\n\n\n<p><\/p>\n\n\n\n<div class=\"wp-block-file\"><a id=\"wp-block-file--media-7f132a84-1fa2-41fc-9991-f5cb21430a26\" href=\"https:\/\/escrime-ssme.fr\/wp-content\/uploads\/2025\/11\/regles-generales-certifical-medical.pdf\">regles-generales-certifical-medical<\/a><a href=\"https:\/\/escrime-ssme.fr\/wp-content\/uploads\/2025\/11\/regles-generales-certifical-medical.pdf\" class=\"wp-block-file__button wp-element-button\" download aria-describedby=\"wp-block-file--media-7f132a84-1fa2-41fc-9991-f5cb21430a26\">T\u00e9l\u00e9charger<\/a><\/div>\n\n\n\n<p><\/p>\n\n\n\n<div class=\"wp-block-file\"><a id=\"wp-block-file--media-f1669783-c0e6-405a-99f7-f93eeb4b52be\" href=\"https:\/\/escrime-ssme.fr\/wp-content\/uploads\/2025\/11\/sportif-mineur-1.pdf\">sportif-mineur (1)<\/a><a href=\"https:\/\/escrime-ssme.fr\/wp-content\/uploads\/2025\/11\/sportif-mineur-1.pdf\" class=\"wp-block-file__button wp-element-button\" download aria-describedby=\"wp-block-file--media-f1669783-c0e6-405a-99f7-f93eeb4b52be\">T\u00e9l\u00e9charger<\/a><\/div>\n\n\n\n<div class=\"wp-block-file\"><a id=\"wp-block-file--media-7f132a84-1fa2-41fc-9991-f5cb21430a26\" href=\"https:\/\/escrime-ssme.fr\/wp-content\/uploads\/2025\/11\/QS-Sport-1.pdf\">QS-Sport<\/a><a href=\"https:\/\/escrime-ssme.fr\/wp-content\/uploads\/2025\/11\/QS-Sport-1.pdf\" class=\"wp-block-file__button wp-element-button\" download aria-describedby=\"wp-block-file--media-7f132a84-1fa2-41fc-9991-f5cb21430a26\">T\u00e9l\u00e9charger<\/a><\/div>\n\n\n\n<p><\/p>\n","protected":false},"excerpt":{"rendered":"<p>Pour votre inscription, merci de nous fournir l&rsquo;int\u00e9gralit\u00e9 du dossier : -la fiche d&rsquo;inscription d\u00fbment compl\u00e9t\u00e9e &#8211; le r\u00e8glement de l&rsquo;inscription : 210\u20ac pour les d\u00e9butants (- de 2 ans de pratique) ou 290\u20ac pour les confirm\u00e9s (plus de 2 ans de pratique) et comp\u00e9titeurs &#8211; le questionnaire et\/ou certificat m\u00e9dical correspondant \u00e0 votre cat\u00e9gorie.<\/p>\n","protected":false},"author":1,"featured_media":0,"parent":0,"menu_order":0,"comment_status":"closed","ping_status":"closed","template":"","meta":{"footnotes":""},"class_list":["post-226","page","type-page","status-publish","hentry","et-post-article","et-default-post-layout"],"yoast_head":"<!-- This site is optimized with the Yoast SEO plugin v20.8 - https:\/\/yoast.com\/wordpress\/plugins\/seo\/ -->\n<title>Fiche d&#039;inscription - Escrime Seichamps Saint-Max Essey<\/title>\n<meta name=\"robots\" content=\"index, follow, max-snippet:-1, max-image-preview:large, max-video-preview:-1\" \/>\n<link rel=\"canonical\" href=\"https:\/\/escrime-ssme.fr\/index.php\/fiche-dinscription\/\" \/>\n<meta property=\"og:locale\" content=\"fr_FR\" \/>\n<meta property=\"og:type\" content=\"article\" \/>\n<meta property=\"og:title\" content=\"Fiche d&#039;inscription - Escrime Seichamps Saint-Max Essey\" \/>\n<meta property=\"og:description\" content=\"Pour votre inscription, merci de nous fournir l&rsquo;int\u00e9gralit\u00e9 du dossier : -la fiche d&rsquo;inscription d\u00fbment compl\u00e9t\u00e9e &#8211; le r\u00e8glement de l&rsquo;inscription : 210\u20ac pour les d\u00e9butants (- de 2 ans de pratique) ou 290\u20ac pour les confirm\u00e9s (plus de 2 ans de pratique) et comp\u00e9titeurs &#8211; le questionnaire et\/ou certificat m\u00e9dical correspondant \u00e0 votre cat\u00e9gorie.\" \/>\n<meta property=\"og:url\" content=\"https:\/\/escrime-ssme.fr\/index.php\/fiche-dinscription\/\" \/>\n<meta property=\"og:site_name\" content=\"Escrime Seichamps Saint-Max Essey\" \/>\n<meta property=\"article:publisher\" content=\"https:\/\/www.facebook.com\/people\/Escrime-Seichamps-Saint-Max-Essey\/100046578559612\/?locale=fr_FR\" \/>\n<meta property=\"article:modified_time\" content=\"2025-11-23T17:54:32+00:00\" \/>\n<meta name=\"twitter:card\" content=\"summary_large_image\" \/>\n<meta name=\"twitter:label1\" content=\"Dur\u00e9e de lecture estim\u00e9e\" \/>\n\t<meta name=\"twitter:data1\" content=\"1 minute\" \/>\n<script type=\"application\/ld+json\" class=\"yoast-schema-graph\">{\"@context\":\"https:\/\/schema.org\",\"@graph\":[{\"@type\":\"WebPage\",\"@id\":\"https:\/\/escrime-ssme.fr\/index.php\/fiche-dinscription\/\",\"url\":\"https:\/\/escrime-ssme.fr\/index.php\/fiche-dinscription\/\",\"name\":\"Fiche d'inscription - Escrime Seichamps Saint-Max Essey\",\"isPartOf\":{\"@id\":\"https:\/\/escrime-ssme.fr\/#website\"},\"datePublished\":\"2023-09-04T13:45:52+00:00\",\"dateModified\":\"2025-11-23T17:54:32+00:00\",\"breadcrumb\":{\"@id\":\"https:\/\/escrime-ssme.fr\/index.php\/fiche-dinscription\/#breadcrumb\"},\"inLanguage\":\"fr-FR\",\"potentialAction\":[{\"@type\":\"ReadAction\",\"target\":[\"https:\/\/escrime-ssme.fr\/index.php\/fiche-dinscription\/\"]}]},{\"@type\":\"BreadcrumbList\",\"@id\":\"https:\/\/escrime-ssme.fr\/index.php\/fiche-dinscription\/#breadcrumb\",\"itemListElement\":[{\"@type\":\"ListItem\",\"position\":1,\"name\":\"Accueil\",\"item\":\"https:\/\/escrime-ssme.fr\/\"},{\"@type\":\"ListItem\",\"position\":2,\"name\":\"Fiche d&rsquo;inscription\"}]},{\"@type\":\"WebSite\",\"@id\":\"https:\/\/escrime-ssme.fr\/#website\",\"url\":\"https:\/\/escrime-ssme.fr\/\",\"name\":\"Escrime Seichamps Saint-Max Essey\",\"description\":\"In Fencing We Trust\",\"publisher\":{\"@id\":\"https:\/\/escrime-ssme.fr\/#organization\"},\"potentialAction\":[{\"@type\":\"SearchAction\",\"target\":{\"@type\":\"EntryPoint\",\"urlTemplate\":\"https:\/\/escrime-ssme.fr\/?s={search_term_string}\"},\"query-input\":\"required name=search_term_string\"}],\"inLanguage\":\"fr-FR\"},{\"@type\":\"Organization\",\"@id\":\"https:\/\/escrime-ssme.fr\/#organization\",\"name\":\"Escrime Seichamps Saint-Max Essey\",\"url\":\"https:\/\/escrime-ssme.fr\/\",\"logo\":{\"@type\":\"ImageObject\",\"inLanguage\":\"fr-FR\",\"@id\":\"https:\/\/escrime-ssme.fr\/#\/schema\/logo\/image\/\",\"url\":\"https:\/\/escrime-ssme.fr\/wp-content\/uploads\/2022\/09\/cropped-cropped-260975197_402312261331389_8389619318110450835_n.jpg\",\"contentUrl\":\"https:\/\/escrime-ssme.fr\/wp-content\/uploads\/2022\/09\/cropped-cropped-260975197_402312261331389_8389619318110450835_n.jpg\",\"width\":512,\"height\":512,\"caption\":\"Escrime Seichamps Saint-Max Essey\"},\"image\":{\"@id\":\"https:\/\/escrime-ssme.fr\/#\/schema\/logo\/image\/\"},\"sameAs\":[\"https:\/\/www.facebook.com\/people\/Escrime-Seichamps-Saint-Max-Essey\/100046578559612\/?locale=fr_FR\"]}]}<\/script>\n<!-- \/ Yoast SEO plugin. -->","yoast_head_json":{"title":"Fiche d'inscription - Escrime Seichamps Saint-Max Essey","robots":{"index":"index","follow":"follow","max-snippet":"max-snippet:-1","max-image-preview":"max-image-preview:large","max-video-preview":"max-video-preview:-1"},"canonical":"https:\/\/escrime-ssme.fr\/index.php\/fiche-dinscription\/","og_locale":"fr_FR","og_type":"article","og_title":"Fiche d'inscription - Escrime Seichamps Saint-Max Essey","og_description":"Pour votre inscription, merci de nous fournir l&rsquo;int\u00e9gralit\u00e9 du dossier : -la fiche d&rsquo;inscription d\u00fbment compl\u00e9t\u00e9e &#8211; le r\u00e8glement de l&rsquo;inscription : 210\u20ac pour les d\u00e9butants (- de 2 ans de pratique) ou 290\u20ac pour les confirm\u00e9s (plus de 2 ans de pratique) et comp\u00e9titeurs &#8211; le questionnaire et\/ou certificat m\u00e9dical correspondant \u00e0 votre cat\u00e9gorie.","og_url":"https:\/\/escrime-ssme.fr\/index.php\/fiche-dinscription\/","og_site_name":"Escrime Seichamps Saint-Max Essey","article_publisher":"https:\/\/www.facebook.com\/people\/Escrime-Seichamps-Saint-Max-Essey\/100046578559612\/?locale=fr_FR","article_modified_time":"2025-11-23T17:54:32+00:00","twitter_card":"summary_large_image","twitter_misc":{"Dur\u00e9e de lecture estim\u00e9e":"1 minute"},"schema":{"@context":"https:\/\/schema.org","@graph":[{"@type":"WebPage","@id":"https:\/\/escrime-ssme.fr\/index.php\/fiche-dinscription\/","url":"https:\/\/escrime-ssme.fr\/index.php\/fiche-dinscription\/","name":"Fiche d'inscription - Escrime Seichamps Saint-Max Essey","isPartOf":{"@id":"https:\/\/escrime-ssme.fr\/#website"},"datePublished":"2023-09-04T13:45:52+00:00","dateModified":"2025-11-23T17:54:32+00:00","breadcrumb":{"@id":"https:\/\/escrime-ssme.fr\/index.php\/fiche-dinscription\/#breadcrumb"},"inLanguage":"fr-FR","potentialAction":[{"@type":"ReadAction","target":["https:\/\/escrime-ssme.fr\/index.php\/fiche-dinscription\/"]}]},{"@type":"BreadcrumbList","@id":"https:\/\/escrime-ssme.fr\/index.php\/fiche-dinscription\/#breadcrumb","itemListElement":[{"@type":"ListItem","position":1,"name":"Accueil","item":"https:\/\/escrime-ssme.fr\/"},{"@type":"ListItem","position":2,"name":"Fiche d&rsquo;inscription"}]},{"@type":"WebSite","@id":"https:\/\/escrime-ssme.fr\/#website","url":"https:\/\/escrime-ssme.fr\/","name":"Escrime Seichamps Saint-Max Essey","description":"In Fencing We Trust","publisher":{"@id":"https:\/\/escrime-ssme.fr\/#organization"},"potentialAction":[{"@type":"SearchAction","target":{"@type":"EntryPoint","urlTemplate":"https:\/\/escrime-ssme.fr\/?s={search_term_string}"},"query-input":"required name=search_term_string"}],"inLanguage":"fr-FR"},{"@type":"Organization","@id":"https:\/\/escrime-ssme.fr\/#organization","name":"Escrime Seichamps Saint-Max Essey","url":"https:\/\/escrime-ssme.fr\/","logo":{"@type":"ImageObject","inLanguage":"fr-FR","@id":"https:\/\/escrime-ssme.fr\/#\/schema\/logo\/image\/","url":"https:\/\/escrime-ssme.fr\/wp-content\/uploads\/2022\/09\/cropped-cropped-260975197_402312261331389_8389619318110450835_n.jpg","contentUrl":"https:\/\/escrime-ssme.fr\/wp-content\/uploads\/2022\/09\/cropped-cropped-260975197_402312261331389_8389619318110450835_n.jpg","width":512,"height":512,"caption":"Escrime Seichamps Saint-Max Essey"},"image":{"@id":"https:\/\/escrime-ssme.fr\/#\/schema\/logo\/image\/"},"sameAs":["https:\/\/www.facebook.com\/people\/Escrime-Seichamps-Saint-Max-Essey\/100046578559612\/?locale=fr_FR"]}]}},"_links":{"self":[{"href":"https:\/\/escrime-ssme.fr\/index.php\/wp-json\/wp\/v2\/pages\/226","targetHints":{"allow":["GET"]}}],"collection":[{"href":"https:\/\/escrime-ssme.fr\/index.php\/wp-json\/wp\/v2\/pages"}],"about":[{"href":"https:\/\/escrime-ssme.fr\/index.php\/wp-json\/wp\/v2\/types\/page"}],"author":[{"embeddable":true,"href":"https:\/\/escrime-ssme.fr\/index.php\/wp-json\/wp\/v2\/users\/1"}],"replies":[{"embeddable":true,"href":"https:\/\/escrime-ssme.fr\/index.php\/wp-json\/wp\/v2\/comments?post=226"}],"version-history":[{"count":5,"href":"https:\/\/escrime-ssme.fr\/index.php\/wp-json\/wp\/v2\/pages\/226\/revisions"}],"predecessor-version":[{"id":295,"href":"https:\/\/escrime-ssme.fr\/index.php\/wp-json\/wp\/v2\/pages\/226\/revisions\/295"}],"wp:attachment":[{"href":"https:\/\/escrime-ssme.fr\/index.php\/wp-json\/wp\/v2\/media?parent=226"}],"curies":[{"name":"wp","href":"https:\/\/api.w.org\/{rel}","templated":true}]}}