{"id":42,"date":"2022-09-18T19:02:02","date_gmt":"2022-09-18T17:02:02","guid":{"rendered":"http:\/\/escrime-ssme.fr\/?page_id=42"},"modified":"2022-10-13T20:30:23","modified_gmt":"2022-10-13T18:30:23","slug":"les-horaires","status":"publish","type":"page","link":"https:\/\/escrime-ssme.fr\/index.php\/les-horaires\/","title":{"rendered":"Les horaires"},"content":{"rendered":"\n<div class=\"wp-block-columns is-layout-flex wp-container-core-columns-is-layout-9d6595d7 wp-block-columns-is-layout-flex\">\n<div class=\"wp-block-column is-layout-flow wp-block-column-is-layout-flow\" style=\"flex-basis:100%\">\n<div class=\"wp-block-columns is-layout-flex wp-container-core-columns-is-layout-9d6595d7 wp-block-columns-is-layout-flex\">\n<div class=\"wp-block-column is-layout-flow wp-block-column-is-layout-flow\">\n<figure class=\"wp-block-table\"><table><tbody><tr><td class=\"has-text-align-center\" data-align=\"center\">Jour<\/td><td class=\"has-text-align-center\" data-align=\"center\">Horaire<\/td><td class=\"has-text-align-center\" data-align=\"center\">Cat\u00e9gorie<\/td><td class=\"has-text-align-center\" data-align=\"center\">Age<\/td><td class=\"has-text-align-center\" data-align=\"center\">Lieu<\/td><\/tr><tr><td class=\"has-text-align-center\" data-align=\"center\">Mardi<\/td><td class=\"has-text-align-center\" data-align=\"center\">17H45-18H45<\/td><td class=\"has-text-align-center\" data-align=\"center\">D\u00e9butant<\/td><td class=\"has-text-align-center\" data-align=\"center\">de 6 \u00e0 8 ans<\/td><td class=\"has-text-align-center\" data-align=\"center\">St Max<\/td><\/tr><tr><td class=\"has-text-align-center\" data-align=\"center\">Mardi<\/td><td class=\"has-text-align-center\" data-align=\"center\">18H45-19H45<\/td><td class=\"has-text-align-center\" data-align=\"center\">Confirm\u00e9<\/td><td class=\"has-text-align-center\" data-align=\"center\">&#8211; de 13 ans<\/td><td class=\"has-text-align-center\" data-align=\"center\">St Max<\/td><\/tr><tr><td class=\"has-text-align-center\" data-align=\"center\">Mardi<\/td><td class=\"has-text-align-center\" data-align=\"center\">19H00-21H00<\/td><td class=\"has-text-align-center\" data-align=\"center\">Confirm\u00e9 et Loisirs <\/td><td class=\"has-text-align-center\" data-align=\"center\">Adultes<\/td><td class=\"has-text-align-center\" data-align=\"center\">Seichamps<\/td><\/tr><tr><td class=\"has-text-align-center\" data-align=\"center\">Mercredi<\/td><td class=\"has-text-align-center\" data-align=\"center\">17H45-18H45<\/td><td class=\"has-text-align-center\" data-align=\"center\">D\u00e9butant<\/td><td class=\"has-text-align-center\" data-align=\"center\">de 9 \u00e0 13 ans<\/td><td class=\"has-text-align-center\" data-align=\"center\">Seichamps<\/td><\/tr><tr><td class=\"has-text-align-center\" data-align=\"center\">Mercredi<\/td><td class=\"has-text-align-center\" data-align=\"center\">18H45-20H45<\/td><td class=\"has-text-align-center\" data-align=\"center\">Confirm\u00e9<\/td><td class=\"has-text-align-center\" data-align=\"center\">+ de 13 ans<\/td><td class=\"has-text-align-center\" data-align=\"center\">Seichamps<\/td><\/tr><tr><td class=\"has-text-align-center\" data-align=\"center\">Vendredi<\/td><td class=\"has-text-align-center\" data-align=\"center\">18H45-19H45<\/td><td class=\"has-text-align-center\" data-align=\"center\">Confirm\u00e9<\/td><td class=\"has-text-align-center\" data-align=\"center\">&#8211; de 17 ans<\/td><td class=\"has-text-align-center\" data-align=\"center\">Seichamps<\/td><\/tr><tr><td class=\"has-text-align-center\" data-align=\"center\">Vendredi<\/td><td class=\"has-text-align-center\" data-align=\"center\">19H45-21H45<\/td><td class=\"has-text-align-center\" data-align=\"center\">Confirm\u00e9 et Loisirs<\/td><td class=\"has-text-align-center\" data-align=\"center\">Adultes<\/td><td class=\"has-text-align-center\" data-align=\"center\">Seichamps<\/td><\/tr><\/tbody><\/table><\/figure>\n<\/div>\n<\/div>\n<\/div>\n<\/div>\n\n\n\n<p>Salle de St Max : Espace Victor HUGO, rue Victor HUGO<\/p>\n\n\n\n<p>Salle de Seichamps : Espace des parapluies, 18 rue St Lambert<\/p>\n\n\n\n<p><\/p>\n\n\n\n<p><\/p>\n\n\n\n<p><\/p>\n","protected":false},"excerpt":{"rendered":"<p>Jour Horaire Cat\u00e9gorie Age Lieu Mardi 17H45-18H45 D\u00e9butant de 6 \u00e0 8 ans St Max Mardi 18H45-19H45 Confirm\u00e9 &#8211; de 13 ans St Max Mardi 19H00-21H00 Confirm\u00e9 et Loisirs Adultes Seichamps Mercredi 17H45-18H45 D\u00e9butant de 9 \u00e0 13 ans Seichamps Mercredi 18H45-20H45 Confirm\u00e9 + de 13 ans Seichamps Vendredi 18H45-19H45 Confirm\u00e9 &#8211; de 17 ans[&#8230;]<\/p>\n","protected":false},"author":1,"featured_media":0,"parent":0,"menu_order":0,"comment_status":"closed","ping_status":"closed","template":"","meta":{"footnotes":""},"class_list":["post-42","page","type-page","status-publish","hentry","et-post-article","et-default-post-layout"],"yoast_head":"<!-- This site is optimized with the Yoast SEO plugin v20.8 - https:\/\/yoast.com\/wordpress\/plugins\/seo\/ -->\n<title>Les horaires - Escrime Seichamps Saint-Max Essey<\/title>\n<meta name=\"robots\" content=\"index, follow, max-snippet:-1, max-image-preview:large, max-video-preview:-1\" \/>\n<link rel=\"canonical\" href=\"https:\/\/escrime-ssme.fr\/index.php\/les-horaires\/\" \/>\n<meta property=\"og:locale\" content=\"fr_FR\" \/>\n<meta property=\"og:type\" content=\"article\" \/>\n<meta property=\"og:title\" content=\"Les horaires - Escrime Seichamps Saint-Max Essey\" \/>\n<meta property=\"og:description\" content=\"Jour Horaire Cat\u00e9gorie Age Lieu Mardi 17H45-18H45 D\u00e9butant de 6 \u00e0 8 ans St Max Mardi 18H45-19H45 Confirm\u00e9 &#8211; de 13 ans St Max Mardi 19H00-21H00 Confirm\u00e9 et Loisirs Adultes Seichamps Mercredi 17H45-18H45 D\u00e9butant de 9 \u00e0 13 ans Seichamps Mercredi 18H45-20H45 Confirm\u00e9 + de 13 ans Seichamps Vendredi 18H45-19H45 Confirm\u00e9 &#8211; de 17 ans[...]\" \/>\n<meta property=\"og:url\" content=\"https:\/\/escrime-ssme.fr\/index.php\/les-horaires\/\" \/>\n<meta property=\"og:site_name\" content=\"Escrime Seichamps Saint-Max Essey\" \/>\n<meta property=\"article:publisher\" content=\"https:\/\/www.facebook.com\/people\/Escrime-Seichamps-Saint-Max-Essey\/100046578559612\/?locale=fr_FR\" \/>\n<meta property=\"article:modified_time\" content=\"2022-10-13T18:30:23+00:00\" \/>\n<meta name=\"twitter:card\" content=\"summary_large_image\" \/>\n<script type=\"application\/ld+json\" class=\"yoast-schema-graph\">{\"@context\":\"https:\/\/schema.org\",\"@graph\":[{\"@type\":\"WebPage\",\"@id\":\"https:\/\/escrime-ssme.fr\/index.php\/les-horaires\/\",\"url\":\"https:\/\/escrime-ssme.fr\/index.php\/les-horaires\/\",\"name\":\"Les horaires - Escrime Seichamps Saint-Max Essey\",\"isPartOf\":{\"@id\":\"https:\/\/escrime-ssme.fr\/#website\"},\"datePublished\":\"2022-09-18T17:02:02+00:00\",\"dateModified\":\"2022-10-13T18:30:23+00:00\",\"breadcrumb\":{\"@id\":\"https:\/\/escrime-ssme.fr\/index.php\/les-horaires\/#breadcrumb\"},\"inLanguage\":\"fr-FR\",\"potentialAction\":[{\"@type\":\"ReadAction\",\"target\":[\"https:\/\/escrime-ssme.fr\/index.php\/les-horaires\/\"]}]},{\"@type\":\"BreadcrumbList\",\"@id\":\"https:\/\/escrime-ssme.fr\/index.php\/les-horaires\/#breadcrumb\",\"itemListElement\":[{\"@type\":\"ListItem\",\"position\":1,\"name\":\"Accueil\",\"item\":\"https:\/\/escrime-ssme.fr\/\"},{\"@type\":\"ListItem\",\"position\":2,\"name\":\"Les horaires\"}]},{\"@type\":\"WebSite\",\"@id\":\"https:\/\/escrime-ssme.fr\/#website\",\"url\":\"https:\/\/escrime-ssme.fr\/\",\"name\":\"Escrime Seichamps Saint-Max Essey\",\"description\":\"In Fencing We Trust\",\"publisher\":{\"@id\":\"https:\/\/escrime-ssme.fr\/#organization\"},\"potentialAction\":[{\"@type\":\"SearchAction\",\"target\":{\"@type\":\"EntryPoint\",\"urlTemplate\":\"https:\/\/escrime-ssme.fr\/?s={search_term_string}\"},\"query-input\":\"required name=search_term_string\"}],\"inLanguage\":\"fr-FR\"},{\"@type\":\"Organization\",\"@id\":\"https:\/\/escrime-ssme.fr\/#organization\",\"name\":\"Escrime Seichamps Saint-Max Essey\",\"url\":\"https:\/\/escrime-ssme.fr\/\",\"logo\":{\"@type\":\"ImageObject\",\"inLanguage\":\"fr-FR\",\"@id\":\"https:\/\/escrime-ssme.fr\/#\/schema\/logo\/image\/\",\"url\":\"https:\/\/escrime-ssme.fr\/wp-content\/uploads\/2022\/09\/cropped-cropped-260975197_402312261331389_8389619318110450835_n.jpg\",\"contentUrl\":\"https:\/\/escrime-ssme.fr\/wp-content\/uploads\/2022\/09\/cropped-cropped-260975197_402312261331389_8389619318110450835_n.jpg\",\"width\":512,\"height\":512,\"caption\":\"Escrime Seichamps Saint-Max Essey\"},\"image\":{\"@id\":\"https:\/\/escrime-ssme.fr\/#\/schema\/logo\/image\/\"},\"sameAs\":[\"https:\/\/www.facebook.com\/people\/Escrime-Seichamps-Saint-Max-Essey\/100046578559612\/?locale=fr_FR\"]}]}<\/script>\n<!-- \/ Yoast SEO plugin. -->","yoast_head_json":{"title":"Les horaires - Escrime Seichamps Saint-Max Essey","robots":{"index":"index","follow":"follow","max-snippet":"max-snippet:-1","max-image-preview":"max-image-preview:large","max-video-preview":"max-video-preview:-1"},"canonical":"https:\/\/escrime-ssme.fr\/index.php\/les-horaires\/","og_locale":"fr_FR","og_type":"article","og_title":"Les horaires - Escrime Seichamps Saint-Max Essey","og_description":"Jour Horaire Cat\u00e9gorie Age Lieu Mardi 17H45-18H45 D\u00e9butant de 6 \u00e0 8 ans St Max Mardi 18H45-19H45 Confirm\u00e9 &#8211; de 13 ans St Max Mardi 19H00-21H00 Confirm\u00e9 et Loisirs Adultes Seichamps Mercredi 17H45-18H45 D\u00e9butant de 9 \u00e0 13 ans Seichamps Mercredi 18H45-20H45 Confirm\u00e9 + de 13 ans Seichamps Vendredi 18H45-19H45 Confirm\u00e9 &#8211; de 17 ans[...]","og_url":"https:\/\/escrime-ssme.fr\/index.php\/les-horaires\/","og_site_name":"Escrime Seichamps Saint-Max Essey","article_publisher":"https:\/\/www.facebook.com\/people\/Escrime-Seichamps-Saint-Max-Essey\/100046578559612\/?locale=fr_FR","article_modified_time":"2022-10-13T18:30:23+00:00","twitter_card":"summary_large_image","schema":{"@context":"https:\/\/schema.org","@graph":[{"@type":"WebPage","@id":"https:\/\/escrime-ssme.fr\/index.php\/les-horaires\/","url":"https:\/\/escrime-ssme.fr\/index.php\/les-horaires\/","name":"Les horaires - Escrime Seichamps Saint-Max Essey","isPartOf":{"@id":"https:\/\/escrime-ssme.fr\/#website"},"datePublished":"2022-09-18T17:02:02+00:00","dateModified":"2022-10-13T18:30:23+00:00","breadcrumb":{"@id":"https:\/\/escrime-ssme.fr\/index.php\/les-horaires\/#breadcrumb"},"inLanguage":"fr-FR","potentialAction":[{"@type":"ReadAction","target":["https:\/\/escrime-ssme.fr\/index.php\/les-horaires\/"]}]},{"@type":"BreadcrumbList","@id":"https:\/\/escrime-ssme.fr\/index.php\/les-horaires\/#breadcrumb","itemListElement":[{"@type":"ListItem","position":1,"name":"Accueil","item":"https:\/\/escrime-ssme.fr\/"},{"@type":"ListItem","position":2,"name":"Les horaires"}]},{"@type":"WebSite","@id":"https:\/\/escrime-ssme.fr\/#website","url":"https:\/\/escrime-ssme.fr\/","name":"Escrime Seichamps Saint-Max Essey","description":"In Fencing We Trust","publisher":{"@id":"https:\/\/escrime-ssme.fr\/#organization"},"potentialAction":[{"@type":"SearchAction","target":{"@type":"EntryPoint","urlTemplate":"https:\/\/escrime-ssme.fr\/?s={search_term_string}"},"query-input":"required name=search_term_string"}],"inLanguage":"fr-FR"},{"@type":"Organization","@id":"https:\/\/escrime-ssme.fr\/#organization","name":"Escrime Seichamps Saint-Max Essey","url":"https:\/\/escrime-ssme.fr\/","logo":{"@type":"ImageObject","inLanguage":"fr-FR","@id":"https:\/\/escrime-ssme.fr\/#\/schema\/logo\/image\/","url":"https:\/\/escrime-ssme.fr\/wp-content\/uploads\/2022\/09\/cropped-cropped-260975197_402312261331389_8389619318110450835_n.jpg","contentUrl":"https:\/\/escrime-ssme.fr\/wp-content\/uploads\/2022\/09\/cropped-cropped-260975197_402312261331389_8389619318110450835_n.jpg","width":512,"height":512,"caption":"Escrime Seichamps Saint-Max Essey"},"image":{"@id":"https:\/\/escrime-ssme.fr\/#\/schema\/logo\/image\/"},"sameAs":["https:\/\/www.facebook.com\/people\/Escrime-Seichamps-Saint-Max-Essey\/100046578559612\/?locale=fr_FR"]}]}},"_links":{"self":[{"href":"https:\/\/escrime-ssme.fr\/index.php\/wp-json\/wp\/v2\/pages\/42","targetHints":{"allow":["GET"]}}],"collection":[{"href":"https:\/\/escrime-ssme.fr\/index.php\/wp-json\/wp\/v2\/pages"}],"about":[{"href":"https:\/\/escrime-ssme.fr\/index.php\/wp-json\/wp\/v2\/types\/page"}],"author":[{"embeddable":true,"href":"https:\/\/escrime-ssme.fr\/index.php\/wp-json\/wp\/v2\/users\/1"}],"replies":[{"embeddable":true,"href":"https:\/\/escrime-ssme.fr\/index.php\/wp-json\/wp\/v2\/comments?post=42"}],"version-history":[{"count":3,"href":"https:\/\/escrime-ssme.fr\/index.php\/wp-json\/wp\/v2\/pages\/42\/revisions"}],"predecessor-version":[{"id":104,"href":"https:\/\/escrime-ssme.fr\/index.php\/wp-json\/wp\/v2\/pages\/42\/revisions\/104"}],"wp:attachment":[{"href":"https:\/\/escrime-ssme.fr\/index.php\/wp-json\/wp\/v2\/media?parent=42"}],"curies":[{"name":"wp","href":"https:\/\/api.w.org\/{rel}","templated":true}]}}