{"id":48,"date":"2025-11-23T19:08:43","date_gmt":"2025-11-23T18:08:43","guid":{"rendered":"http:\/\/escrime-ssme.fr\/?page_id=48"},"modified":"2025-11-23T19:08:44","modified_gmt":"2025-11-23T18:08:44","slug":"rejoignez-nous","status":"publish","type":"page","link":"https:\/\/escrime-ssme.fr\/index.php\/rejoignez-nous\/","title":{"rendered":"Rejoignez-nous"},"content":{"rendered":"\n<p>D\u00e8s 6 ans pour les enfants et ensuite on ne demande plus l&rsquo;\u00e2ge !<\/p>\n\n\n\n<p>Remise famille , \u00e0 partir de deux adh\u00e9sions 20% de r\u00e9duction.<\/p>\n\n\n\n<p>N&rsquo;h\u00e9sitez pas \u00e0 venir faire une s\u00e9ance d\u00e9couverte.<\/p>\n\n\n\n<p><\/p>\n\n\n\n<p><\/p>\n\n\n\n<p><\/p>\n","protected":false},"excerpt":{"rendered":"<p>D\u00e8s 6 ans pour les enfants et ensuite on ne demande plus l&rsquo;\u00e2ge ! Remise famille , \u00e0 partir de deux adh\u00e9sions 20% de r\u00e9duction. N&rsquo;h\u00e9sitez pas \u00e0 venir faire une s\u00e9ance d\u00e9couverte.<\/p>\n","protected":false},"author":1,"featured_media":0,"parent":0,"menu_order":0,"comment_status":"closed","ping_status":"closed","template":"","meta":{"footnotes":""},"class_list":["post-48","page","type-page","status-publish","hentry","et-post-article","et-default-post-layout"],"yoast_head":"<!-- This site is optimized with the Yoast SEO plugin v20.8 - https:\/\/yoast.com\/wordpress\/plugins\/seo\/ -->\n<title>Rejoignez-nous - Escrime Seichamps Saint-Max Essey<\/title>\n<meta name=\"robots\" content=\"index, follow, max-snippet:-1, max-image-preview:large, max-video-preview:-1\" \/>\n<link rel=\"canonical\" href=\"https:\/\/escrime-ssme.fr\/index.php\/rejoignez-nous\/\" \/>\n<meta property=\"og:locale\" content=\"fr_FR\" \/>\n<meta property=\"og:type\" content=\"article\" \/>\n<meta property=\"og:title\" content=\"Rejoignez-nous - Escrime Seichamps Saint-Max Essey\" \/>\n<meta property=\"og:description\" content=\"D\u00e8s 6 ans pour les enfants et ensuite on ne demande plus l&rsquo;\u00e2ge ! Remise famille , \u00e0 partir de deux adh\u00e9sions 20% de r\u00e9duction. N&rsquo;h\u00e9sitez pas \u00e0 venir faire une s\u00e9ance d\u00e9couverte.\" \/>\n<meta property=\"og:url\" content=\"https:\/\/escrime-ssme.fr\/index.php\/rejoignez-nous\/\" \/>\n<meta property=\"og:site_name\" content=\"Escrime Seichamps Saint-Max Essey\" \/>\n<meta property=\"article:publisher\" content=\"https:\/\/www.facebook.com\/people\/Escrime-Seichamps-Saint-Max-Essey\/100046578559612\/?locale=fr_FR\" \/>\n<meta property=\"article:modified_time\" content=\"2025-11-23T18:08:44+00:00\" \/>\n<meta name=\"twitter:card\" content=\"summary_large_image\" \/>\n<meta name=\"twitter:label1\" content=\"Dur\u00e9e de lecture estim\u00e9e\" \/>\n\t<meta name=\"twitter:data1\" content=\"1 minute\" \/>\n<script type=\"application\/ld+json\" class=\"yoast-schema-graph\">{\"@context\":\"https:\/\/schema.org\",\"@graph\":[{\"@type\":\"WebPage\",\"@id\":\"https:\/\/escrime-ssme.fr\/index.php\/rejoignez-nous\/\",\"url\":\"https:\/\/escrime-ssme.fr\/index.php\/rejoignez-nous\/\",\"name\":\"Rejoignez-nous - Escrime Seichamps Saint-Max Essey\",\"isPartOf\":{\"@id\":\"https:\/\/escrime-ssme.fr\/#website\"},\"datePublished\":\"2025-11-23T18:08:43+00:00\",\"dateModified\":\"2025-11-23T18:08:44+00:00\",\"breadcrumb\":{\"@id\":\"https:\/\/escrime-ssme.fr\/index.php\/rejoignez-nous\/#breadcrumb\"},\"inLanguage\":\"fr-FR\",\"potentialAction\":[{\"@type\":\"ReadAction\",\"target\":[\"https:\/\/escrime-ssme.fr\/index.php\/rejoignez-nous\/\"]}]},{\"@type\":\"BreadcrumbList\",\"@id\":\"https:\/\/escrime-ssme.fr\/index.php\/rejoignez-nous\/#breadcrumb\",\"itemListElement\":[{\"@type\":\"ListItem\",\"position\":1,\"name\":\"Accueil\",\"item\":\"https:\/\/escrime-ssme.fr\/\"},{\"@type\":\"ListItem\",\"position\":2,\"name\":\"Rejoignez-nous\"}]},{\"@type\":\"WebSite\",\"@id\":\"https:\/\/escrime-ssme.fr\/#website\",\"url\":\"https:\/\/escrime-ssme.fr\/\",\"name\":\"Escrime Seichamps Saint-Max Essey\",\"description\":\"In Fencing We Trust\",\"publisher\":{\"@id\":\"https:\/\/escrime-ssme.fr\/#organization\"},\"potentialAction\":[{\"@type\":\"SearchAction\",\"target\":{\"@type\":\"EntryPoint\",\"urlTemplate\":\"https:\/\/escrime-ssme.fr\/?s={search_term_string}\"},\"query-input\":\"required name=search_term_string\"}],\"inLanguage\":\"fr-FR\"},{\"@type\":\"Organization\",\"@id\":\"https:\/\/escrime-ssme.fr\/#organization\",\"name\":\"Escrime Seichamps Saint-Max Essey\",\"url\":\"https:\/\/escrime-ssme.fr\/\",\"logo\":{\"@type\":\"ImageObject\",\"inLanguage\":\"fr-FR\",\"@id\":\"https:\/\/escrime-ssme.fr\/#\/schema\/logo\/image\/\",\"url\":\"https:\/\/escrime-ssme.fr\/wp-content\/uploads\/2022\/09\/cropped-cropped-260975197_402312261331389_8389619318110450835_n.jpg\",\"contentUrl\":\"https:\/\/escrime-ssme.fr\/wp-content\/uploads\/2022\/09\/cropped-cropped-260975197_402312261331389_8389619318110450835_n.jpg\",\"width\":512,\"height\":512,\"caption\":\"Escrime Seichamps Saint-Max Essey\"},\"image\":{\"@id\":\"https:\/\/escrime-ssme.fr\/#\/schema\/logo\/image\/\"},\"sameAs\":[\"https:\/\/www.facebook.com\/people\/Escrime-Seichamps-Saint-Max-Essey\/100046578559612\/?locale=fr_FR\"]}]}<\/script>\n<!-- \/ Yoast SEO plugin. -->","yoast_head_json":{"title":"Rejoignez-nous - Escrime Seichamps Saint-Max Essey","robots":{"index":"index","follow":"follow","max-snippet":"max-snippet:-1","max-image-preview":"max-image-preview:large","max-video-preview":"max-video-preview:-1"},"canonical":"https:\/\/escrime-ssme.fr\/index.php\/rejoignez-nous\/","og_locale":"fr_FR","og_type":"article","og_title":"Rejoignez-nous - Escrime Seichamps Saint-Max Essey","og_description":"D\u00e8s 6 ans pour les enfants et ensuite on ne demande plus l&rsquo;\u00e2ge ! Remise famille , \u00e0 partir de deux adh\u00e9sions 20% de r\u00e9duction. N&rsquo;h\u00e9sitez pas \u00e0 venir faire une s\u00e9ance d\u00e9couverte.","og_url":"https:\/\/escrime-ssme.fr\/index.php\/rejoignez-nous\/","og_site_name":"Escrime Seichamps Saint-Max Essey","article_publisher":"https:\/\/www.facebook.com\/people\/Escrime-Seichamps-Saint-Max-Essey\/100046578559612\/?locale=fr_FR","article_modified_time":"2025-11-23T18:08:44+00:00","twitter_card":"summary_large_image","twitter_misc":{"Dur\u00e9e de lecture estim\u00e9e":"1 minute"},"schema":{"@context":"https:\/\/schema.org","@graph":[{"@type":"WebPage","@id":"https:\/\/escrime-ssme.fr\/index.php\/rejoignez-nous\/","url":"https:\/\/escrime-ssme.fr\/index.php\/rejoignez-nous\/","name":"Rejoignez-nous - Escrime Seichamps Saint-Max Essey","isPartOf":{"@id":"https:\/\/escrime-ssme.fr\/#website"},"datePublished":"2025-11-23T18:08:43+00:00","dateModified":"2025-11-23T18:08:44+00:00","breadcrumb":{"@id":"https:\/\/escrime-ssme.fr\/index.php\/rejoignez-nous\/#breadcrumb"},"inLanguage":"fr-FR","potentialAction":[{"@type":"ReadAction","target":["https:\/\/escrime-ssme.fr\/index.php\/rejoignez-nous\/"]}]},{"@type":"BreadcrumbList","@id":"https:\/\/escrime-ssme.fr\/index.php\/rejoignez-nous\/#breadcrumb","itemListElement":[{"@type":"ListItem","position":1,"name":"Accueil","item":"https:\/\/escrime-ssme.fr\/"},{"@type":"ListItem","position":2,"name":"Rejoignez-nous"}]},{"@type":"WebSite","@id":"https:\/\/escrime-ssme.fr\/#website","url":"https:\/\/escrime-ssme.fr\/","name":"Escrime Seichamps Saint-Max Essey","description":"In Fencing We Trust","publisher":{"@id":"https:\/\/escrime-ssme.fr\/#organization"},"potentialAction":[{"@type":"SearchAction","target":{"@type":"EntryPoint","urlTemplate":"https:\/\/escrime-ssme.fr\/?s={search_term_string}"},"query-input":"required name=search_term_string"}],"inLanguage":"fr-FR"},{"@type":"Organization","@id":"https:\/\/escrime-ssme.fr\/#organization","name":"Escrime Seichamps Saint-Max Essey","url":"https:\/\/escrime-ssme.fr\/","logo":{"@type":"ImageObject","inLanguage":"fr-FR","@id":"https:\/\/escrime-ssme.fr\/#\/schema\/logo\/image\/","url":"https:\/\/escrime-ssme.fr\/wp-content\/uploads\/2022\/09\/cropped-cropped-260975197_402312261331389_8389619318110450835_n.jpg","contentUrl":"https:\/\/escrime-ssme.fr\/wp-content\/uploads\/2022\/09\/cropped-cropped-260975197_402312261331389_8389619318110450835_n.jpg","width":512,"height":512,"caption":"Escrime Seichamps Saint-Max Essey"},"image":{"@id":"https:\/\/escrime-ssme.fr\/#\/schema\/logo\/image\/"},"sameAs":["https:\/\/www.facebook.com\/people\/Escrime-Seichamps-Saint-Max-Essey\/100046578559612\/?locale=fr_FR"]}]}},"_links":{"self":[{"href":"https:\/\/escrime-ssme.fr\/index.php\/wp-json\/wp\/v2\/pages\/48","targetHints":{"allow":["GET"]}}],"collection":[{"href":"https:\/\/escrime-ssme.fr\/index.php\/wp-json\/wp\/v2\/pages"}],"about":[{"href":"https:\/\/escrime-ssme.fr\/index.php\/wp-json\/wp\/v2\/types\/page"}],"author":[{"embeddable":true,"href":"https:\/\/escrime-ssme.fr\/index.php\/wp-json\/wp\/v2\/users\/1"}],"replies":[{"embeddable":true,"href":"https:\/\/escrime-ssme.fr\/index.php\/wp-json\/wp\/v2\/comments?post=48"}],"version-history":[{"count":3,"href":"https:\/\/escrime-ssme.fr\/index.php\/wp-json\/wp\/v2\/pages\/48\/revisions"}],"predecessor-version":[{"id":301,"href":"https:\/\/escrime-ssme.fr\/index.php\/wp-json\/wp\/v2\/pages\/48\/revisions\/301"}],"wp:attachment":[{"href":"https:\/\/escrime-ssme.fr\/index.php\/wp-json\/wp\/v2\/media?parent=48"}],"curies":[{"name":"wp","href":"https:\/\/api.w.org\/{rel}","templated":true}]}}